{"id":362,"date":"2014-06-04T16:44:42","date_gmt":"2014-06-04T16:44:42","guid":{"rendered":"http:\/\/themes.wearesupa.com\/wp\/tipi\/?page_id=2"},"modified":"2018-05-31T16:10:52","modified_gmt":"2018-05-31T14:10:52","slug":"about-2","status":"publish","type":"page","link":"https:\/\/igadventures.com\/index.php\/about-2\/","title":{"rendered":"About"},"content":{"rendered":"<p style=\"text-align: left;\"><strong>Ovo je pri\u010da kako je jedan 16 godi\u0161njak, koji doslovno nije kro\u010dio van Hrvatske, par godina kasnije proputovao 50+ dr\u017eava na 6 kontinenata, bez dobitka na lutriji. (Ali uz puno glupih ideja i komi\u010dnih situacija). Zahvaljuju\u0107i tome \u0161to je\u00a0upoznao prave prijatelje i otkrio Couchsurfing. Sve to uz studiranje i stalnu borbu i muljanje sa izostancima.<\/strong><strong><br \/>\n<\/strong><\/p>\n<p style=\"text-align: left;\"><strong>Kroz kolumne i snimke emisija saznajte kako je izgledalo spavanje u pala\u010di kraj jordanskog kralja ili kod sotonista u Ateni, partijanje sa ameri\u010dkim redateljima i manekenkama na Santoriniju, ru\u010dak kod Jamiea Olivera, ples Maora na Novom Zelandu ili pak tr\u010danje pred bikovima u Pamploni, izbjegavanje krokodila i srednjoameri\u010dkog zatvora, iranska gostoljubivost i tequila u mjestu Tequila u Meksiku, Kuba poslije uragana Irme, te kako slu\u010dajno postati junaci prosvjeda seljaka i rudara u Gvatemali, penjati se na vulkane i lutati ki\u0161nim \u0161umama i kakve niti ve\u017eu Hajduk sa \u010cernobilom. Od Kosova preko Maroka do Rio de Janeira, svi necenzurirani do\u017eivljaji iz prve ruke.<br \/>\n<\/strong><\/p>\n<p style=\"text-align: left;\"><strong>Danas je Igor Tomi\u0107 mladi Spli\u0107anin, 26-godi\u0161nji in\u017eenjer gra\u0111evine i avanturist koji iza sebe ima proputovanih 50-ak dr\u017eava na 6 kontinenata.<br \/>\n<\/strong><strong>Me\u0111utim, sve te pri\u010de imaju jednu kona\u010dnu poantu &#8211; da se poka\u017ee kako, unato\u010d problemima i nedostacima para, svatko bez ikakvih posebnih vje\u0161tina mo\u017ee putovati uz dovoljno \u017eelje!<\/strong><\/p>\n<p>&nbsp;<\/p>\n<p><iframe loading=\"lazy\" title=\"Igor Tomic\" width=\"500\" height=\"281\" src=\"https:\/\/www.youtube.com\/embed\/bWdmHX70ekc?feature=oembed\" frameborder=\"0\" allow=\"accelerometer; autoplay; clipboard-write; encrypted-media; gyroscope; picture-in-picture; web-share\" referrerpolicy=\"strict-origin-when-cross-origin\" allowfullscreen><\/iframe><\/p>\n<p>[one_half]<\/p>\n<h3><\/h3>\n<p><iframe loading=\"lazy\" title=\"&quot;Nemiran duh&quot; - Igor Tomi\u0107 u emisiji Tonke Alujevi\u0107\" width=\"500\" height=\"375\" src=\"https:\/\/www.youtube.com\/embed\/3PIyCJM4j_E?feature=oembed\" frameborder=\"0\" allow=\"accelerometer; autoplay; clipboard-write; encrypted-media; gyroscope; picture-in-picture; web-share\" referrerpolicy=\"strict-origin-when-cross-origin\" allowfullscreen><\/iframe><\/p>\n<p><iframe loading=\"lazy\" title=\"NEMIRAN DUH - IGOR TOMI\u0106 i Tonka Alujevic\" width=\"500\" height=\"375\" src=\"https:\/\/www.youtube.com\/embed\/tAmjdcKWdjY?feature=oembed\" frameborder=\"0\" allow=\"accelerometer; autoplay; clipboard-write; encrypted-media; gyroscope; picture-in-picture; web-share\" referrerpolicy=\"strict-origin-when-cross-origin\" allowfullscreen><\/iframe><\/p>\n<p><iframe loading=\"lazy\" title=\"IGOR TOMI\u0106 I JAKOV KUSI\u0106 PO SREDNJOJ AMERICI\" width=\"500\" height=\"375\" src=\"https:\/\/www.youtube.com\/embed\/2_EJF3LfdoE?start=6&#038;feature=oembed\" frameborder=\"0\" allow=\"accelerometer; autoplay; clipboard-write; encrypted-media; gyroscope; picture-in-picture; web-share\" referrerpolicy=\"strict-origin-when-cross-origin\" allowfullscreen><\/iframe><\/p>\n<p style=\"text-align: left;\">.[\/one_half]<\/p>\n<p style=\"text-align: left;\">[one_half_last]<\/p>\n<p><iframe loading=\"lazy\" title=\"Osvrt - Igor Tomi\u0107 28.03.2018.\" width=\"500\" height=\"281\" src=\"https:\/\/www.youtube.com\/embed\/CAqoVRSjRAw?start=607&#038;feature=oembed\" frameborder=\"0\" allow=\"accelerometer; autoplay; clipboard-write; encrypted-media; gyroscope; picture-in-picture; web-share\" referrerpolicy=\"strict-origin-when-cross-origin\" allowfullscreen><\/iframe><\/p>\n<p><iframe loading=\"lazy\" title=\"IVANA \u0160ILOVI\u0106 IZ SPLITA, 25.04.2014.\" width=\"500\" height=\"375\" src=\"https:\/\/www.youtube.com\/embed\/XtP-ESeJkMw?start=215&#038;feature=oembed\" frameborder=\"0\" allow=\"accelerometer; autoplay; clipboard-write; encrypted-media; gyroscope; picture-in-picture; web-share\" referrerpolicy=\"strict-origin-when-cross-origin\" allowfullscreen><\/iframe><\/p>\n<p><iframe loading=\"lazy\" title=\"Couchsurfing - druga\u010dije putovanje\" width=\"500\" height=\"281\" src=\"https:\/\/www.youtube.com\/embed\/NxHs1fcSVvo?feature=oembed\" frameborder=\"0\" allow=\"accelerometer; autoplay; clipboard-write; encrypted-media; gyroscope; picture-in-picture; web-share\" referrerpolicy=\"strict-origin-when-cross-origin\" allowfullscreen><\/iframe><\/p>\n<p>[\/one_half_last]<\/p>\n<p>&nbsp;<\/p>\n<p>&nbsp;<\/p>\n<p>&nbsp;<\/p>\n","protected":false},"excerpt":{"rendered":"<p>Ovo je pri\u010da kako je jedan 16 godi\u0161njak, koji doslovno nije kro\u010dio van Hrvatske, par godina kasnije proputovao 50+ dr\u017eava na 6 kontinenata, bez dobitka na lutriji. (Ali uz puno glupih ideja i komi\u010dnih situacija). Zahvaljuju\u0107i tome \u0161to je\u00a0upoznao prave prijatelje i otkrio Couchsurfing. Sve to uz studiranje i stalnu borbu i muljanje sa izostancima. [&hellip;]<\/p>\n","protected":false},"author":1,"featured_media":0,"parent":0,"menu_order":0,"comment_status":"open","ping_status":"closed","template":"","meta":{"om_disable_all_campaigns":false,"_monsterinsights_skip_tracking":false,"_monsterinsights_sitenote_active":false,"_monsterinsights_sitenote_note":"","_monsterinsights_sitenote_category":0,"site-container-style":"default","site-container-layout":"default","site-sidebar-layout":"default","disable-article-header":"default","disable-site-header":"default","disable-site-footer":"default","disable-content-area-spacing":"default","footnotes":""},"class_list":["post-362","page","type-page","status-publish","hentry"],"_links":{"self":[{"href":"https:\/\/igadventures.com\/index.php\/wp-json\/wp\/v2\/pages\/362","targetHints":{"allow":["GET"]}}],"collection":[{"href":"https:\/\/igadventures.com\/index.php\/wp-json\/wp\/v2\/pages"}],"about":[{"href":"https:\/\/igadventures.com\/index.php\/wp-json\/wp\/v2\/types\/page"}],"author":[{"embeddable":true,"href":"https:\/\/igadventures.com\/index.php\/wp-json\/wp\/v2\/users\/1"}],"replies":[{"embeddable":true,"href":"https:\/\/igadventures.com\/index.php\/wp-json\/wp\/v2\/comments?post=362"}],"version-history":[{"count":15,"href":"https:\/\/igadventures.com\/index.php\/wp-json\/wp\/v2\/pages\/362\/revisions"}],"predecessor-version":[{"id":2279,"href":"https:\/\/igadventures.com\/index.php\/wp-json\/wp\/v2\/pages\/362\/revisions\/2279"}],"wp:attachment":[{"href":"https:\/\/igadventures.com\/index.php\/wp-json\/wp\/v2\/media?parent=362"}],"curies":[{"name":"wp","href":"https:\/\/api.w.org\/{rel}","templated":true}]}}